{"id":9256,"date":"2024-04-15T15:06:05","date_gmt":"2024-04-15T15:06:05","guid":{"rendered":"https:\/\/ab-horsestables.nl\/?page_id=9256"},"modified":"2025-01-08T16:55:45","modified_gmt":"2025-01-08T16:55:45","slug":"staldeuren-vensters","status":"publish","type":"page","link":"https:\/\/ab-horsestables.nl\/de\/staldeuren-vensters\/","title":{"rendered":"STALDEUREN &#038; VENSTERS"},"content":{"rendered":"<div data-elementor-type=\"wp-page\" data-elementor-id=\"9256\" class=\"elementor elementor-9256\" data-elementor-settings=\"{&quot;bayone_enable_page_lines&quot;:&quot;off&quot;}\">\n\t\t\t\t<div class=\"elementor-element elementor-element-ca41bd2 e-flex e-con-boxed e-con e-parent\" data-id=\"ca41bd2\" data-element_type=\"container\" data-e-type=\"container\" data-settings=\"{&quot;background_background&quot;:&quot;classic&quot;}\">\n\t\t\t\t\t<div class=\"e-con-inner\">\n\t\t<div class=\"elementor-element elementor-element-5303104 e-con-full animated-fast e-flex elementor-invisible e-con e-child\" data-id=\"5303104\" data-element_type=\"container\" data-e-type=\"container\" data-settings=\"{&quot;animation&quot;:&quot;fadeInUp&quot;}\">\n\t\t\t\t<div class=\"elementor-element elementor-element-b54c565 elementor-widget__width-inherit e-transform elementor-widget elementor-widget-heading\" data-id=\"b54c565\" data-element_type=\"widget\" data-e-type=\"widget\" data-settings=\"{&quot;_transform_translateY_effect_tablet&quot;:{&quot;unit&quot;:&quot;px&quot;,&quot;size&quot;:15,&quot;sizes&quot;:[]},&quot;_transform_translateY_effect_mobile&quot;:{&quot;unit&quot;:&quot;px&quot;,&quot;size&quot;:18,&quot;sizes&quot;:[]},&quot;_transform_translateX_effect&quot;:{&quot;unit&quot;:&quot;px&quot;,&quot;size&quot;:&quot;&quot;,&quot;sizes&quot;:[]},&quot;_transform_translateX_effect_tablet&quot;:{&quot;unit&quot;:&quot;px&quot;,&quot;size&quot;:&quot;&quot;,&quot;sizes&quot;:[]},&quot;_transform_translateX_effect_mobile&quot;:{&quot;unit&quot;:&quot;px&quot;,&quot;size&quot;:&quot;&quot;,&quot;sizes&quot;:[]},&quot;_transform_translateY_effect&quot;:{&quot;unit&quot;:&quot;px&quot;,&quot;size&quot;:&quot;&quot;,&quot;sizes&quot;:[]}}\" data-widget_type=\"heading.default\">\n\t\t\t\t\t<h1 class=\"elementor-heading-title elementor-size-default\">Stallt\u00fcren und Fenster<\/h1>\t\t\t\t<\/div>\n\t\t<div class=\"elementor-element elementor-element-7908f93 e-con-full e-flex e-con e-child\" data-id=\"7908f93\" data-element_type=\"container\" data-e-type=\"container\">\n\t\t\t\t<\/div>\n\t\t\t\t<\/div>\n\t\t\t\t\t<\/div>\n\t\t\t\t<\/div>\n\t\t<div class=\"elementor-element elementor-element-d19003d e-transform e-flex e-con-boxed e-con e-parent\" data-id=\"d19003d\" data-element_type=\"container\" data-e-type=\"container\" data-settings=\"{&quot;background_background&quot;:&quot;classic&quot;,&quot;_transform_translateX_effect&quot;:{&quot;unit&quot;:&quot;px&quot;,&quot;size&quot;:&quot;&quot;,&quot;sizes&quot;:[]},&quot;_transform_translateX_effect_tablet&quot;:{&quot;unit&quot;:&quot;px&quot;,&quot;size&quot;:&quot;&quot;,&quot;sizes&quot;:[]},&quot;_transform_translateX_effect_mobile&quot;:{&quot;unit&quot;:&quot;px&quot;,&quot;size&quot;:&quot;&quot;,&quot;sizes&quot;:[]},&quot;_transform_translateY_effect&quot;:{&quot;unit&quot;:&quot;px&quot;,&quot;size&quot;:&quot;&quot;,&quot;sizes&quot;:[]},&quot;_transform_translateY_effect_tablet&quot;:{&quot;unit&quot;:&quot;px&quot;,&quot;size&quot;:&quot;&quot;,&quot;sizes&quot;:[]},&quot;_transform_translateY_effect_mobile&quot;:{&quot;unit&quot;:&quot;px&quot;,&quot;size&quot;:&quot;&quot;,&quot;sizes&quot;:[]}}\">\n\t\t\t\t\t<div class=\"e-con-inner\">\n\t\t<div class=\"elementor-element elementor-element-ceb3cfa e-con-full e-flex e-con e-child\" data-id=\"ceb3cfa\" data-element_type=\"container\" data-e-type=\"container\">\n\t\t\t\t<div class=\"elementor-element elementor-element-7a659b4 elementor-widget elementor-widget-heading\" data-id=\"7a659b4\" data-element_type=\"widget\" data-e-type=\"widget\" data-widget_type=\"heading.default\">\n\t\t\t\t\t<h2 class=\"elementor-heading-title elementor-size-default\">info\n<\/h2>\t\t\t\t<\/div>\n\t\t\t\t<div class=\"elementor-element elementor-element-73e16c5 elementor-widget elementor-widget-heading\" data-id=\"73e16c5\" data-element_type=\"widget\" data-e-type=\"widget\" data-widget_type=\"heading.default\">\n\t\t\t\t\t<p class=\"elementor-heading-title elementor-size-default\">Neben Innen- und Au\u00dfenst\u00e4llen liefern wir auch Stallt\u00fcren und Stallfenster. Selbstverst\u00e4ndlich ist es auch m\u00f6glich, diese ganz nach Ihren W\u00fcnschen zu fertigen. Dies ist sowohl im Neubau als auch im Bestand m\u00f6glich. Wir haben: zweiteilige Stallt\u00fcren, Einzelt\u00fcren, doppelte Au\u00dfent\u00fcren, vierteilige T\u00fcren, Schiebet\u00fcren, Stalll\u00e4den, Festfenster, Drehfenster, Kippfenster und Dreh- \/Kippfenster.<\/p>\t\t\t\t<\/div>\n\t\t\t\t<\/div>\n\t\t<div class=\"elementor-element elementor-element-bdd6a7e e-con-full e-flex e-con e-child\" data-id=\"bdd6a7e\" data-element_type=\"container\" data-e-type=\"container\" data-settings=\"{&quot;background_background&quot;:&quot;classic&quot;}\">\n\t\t\t\t<\/div>\n\t\t\t\t\t<\/div>\n\t\t\t\t<\/div>\n\t\t<div class=\"elementor-element elementor-element-9088bc9 e-flex e-con-boxed e-con e-parent\" data-id=\"9088bc9\" data-element_type=\"container\" data-e-type=\"container\">\n\t\t\t\t\t<div class=\"e-con-inner\">\n\t\t<div class=\"elementor-element elementor-element-292d90f e-con-full e-flex e-con e-child\" data-id=\"292d90f\" data-element_type=\"container\" data-e-type=\"container\" data-settings=\"{&quot;background_background&quot;:&quot;classic&quot;}\">\n\t\t\t\t<\/div>\n\t\t<div class=\"elementor-element elementor-element-5052ddd e-con-full e-flex e-con e-child\" data-id=\"5052ddd\" data-element_type=\"container\" data-e-type=\"container\">\n\t\t<div class=\"elementor-element elementor-element-339caa9 e-flex e-con-boxed e-con e-child\" data-id=\"339caa9\" data-element_type=\"container\" data-e-type=\"container\" data-settings=\"{&quot;background_background&quot;:&quot;classic&quot;}\">\n\t\t\t\t\t<div class=\"e-con-inner\">\n\t\t\t\t\t<\/div>\n\t\t\t\t<\/div>\n\t\t<div class=\"elementor-element elementor-element-1e760ef e-con-full e-flex e-con e-child\" data-id=\"1e760ef\" data-element_type=\"container\" data-e-type=\"container\" data-settings=\"{&quot;background_background&quot;:&quot;classic&quot;}\">\n\t\t\t\t<\/div>\n\t\t\t\t<\/div>\n\t\t\t\t\t<\/div>\n\t\t\t\t<\/div>\n\t\t<div class=\"elementor-element elementor-element-8faf4c4 e-flex e-con-boxed e-con e-parent\" data-id=\"8faf4c4\" data-element_type=\"container\" data-e-type=\"container\">\n\t\t\t\t\t<div class=\"e-con-inner\">\n\t\t<div class=\"elementor-element elementor-element-ccb5a1c e-con-full e-flex e-con e-child\" data-id=\"ccb5a1c\" data-element_type=\"container\" data-e-type=\"container\" data-settings=\"{&quot;background_background&quot;:&quot;classic&quot;}\">\n\t\t\t\t<\/div>\n\t\t<div class=\"elementor-element elementor-element-e2c73e2 e-con-full e-flex e-con e-child\" data-id=\"e2c73e2\" data-element_type=\"container\" data-e-type=\"container\" data-settings=\"{&quot;background_background&quot;:&quot;classic&quot;}\">\n\t\t\t\t<\/div>\n\t\t<div class=\"elementor-element elementor-element-cfdb994 e-con-full e-flex e-con e-child\" data-id=\"cfdb994\" data-element_type=\"container\" data-e-type=\"container\" data-settings=\"{&quot;background_background&quot;:&quot;classic&quot;}\">\n\t\t\t\t<\/div>\n\t\t\t\t\t<\/div>\n\t\t\t\t<\/div>\n\t\t\t\t<\/div>","protected":false},"excerpt":{"rendered":"<p>Staldeuren &amp; vensters info Naast binnen- en buitenstallen leveren wij ook staldeuren en stalvensters. Uiteraard is het mogelijk om deze ook geheel naar uw wens te produceren. Dit is zowel mogelijk voor nieuwbouw als bestaande bouw. Zo hebben wij: tweedelige staldeuren, enkele deuren, dubbele buiten deuren, vierdelige deuren, schuifdeuren, stalluiken, vaste vensters, draaivensters, kiepvensters en [&hellip;]<\/p>\n","protected":false},"author":1,"featured_media":0,"parent":0,"menu_order":0,"comment_status":"closed","ping_status":"closed","template":"","meta":{"_monsterinsights_skip_tracking":false,"_monsterinsights_sitenote_active":false,"_monsterinsights_sitenote_note":"","_monsterinsights_sitenote_category":0,"footnotes":""},"class_list":["post-9256","page","type-page","status-publish","hentry"],"aioseo_notices":[],"_links":{"self":[{"href":"https:\/\/ab-horsestables.nl\/de\/wp-json\/wp\/v2\/pages\/9256","targetHints":{"allow":["GET"]}}],"collection":[{"href":"https:\/\/ab-horsestables.nl\/de\/wp-json\/wp\/v2\/pages"}],"about":[{"href":"https:\/\/ab-horsestables.nl\/de\/wp-json\/wp\/v2\/types\/page"}],"author":[{"embeddable":true,"href":"https:\/\/ab-horsestables.nl\/de\/wp-json\/wp\/v2\/users\/1"}],"replies":[{"embeddable":true,"href":"https:\/\/ab-horsestables.nl\/de\/wp-json\/wp\/v2\/comments?post=9256"}],"version-history":[{"count":3,"href":"https:\/\/ab-horsestables.nl\/de\/wp-json\/wp\/v2\/pages\/9256\/revisions"}],"predecessor-version":[{"id":10432,"href":"https:\/\/ab-horsestables.nl\/de\/wp-json\/wp\/v2\/pages\/9256\/revisions\/10432"}],"wp:attachment":[{"href":"https:\/\/ab-horsestables.nl\/de\/wp-json\/wp\/v2\/media?parent=9256"}],"curies":[{"name":"wp","href":"https:\/\/api.w.org\/{rel}","templated":true}]}}